{"id":28,"date":"2024-02-02T12:53:24","date_gmt":"2024-02-02T12:53:24","guid":{"rendered":"http:\/\/arotgroup.com\/index.php\/mesmerize\/"},"modified":"2024-02-15T15:31:14","modified_gmt":"2024-02-15T12:31:14","slug":"mesmerize","status":"publish","type":"page","link":"http:\/\/arotgroup.com\/","title":{"rendered":"Front Page"},"content":{"rendered":"<div  data-label=\"Markalarmz\" data-id=\"features--1\" data-export-id=\"features-16\" data-category=\"features\" class=\"features-16 content-section content-section-spacing\" id=\"markalarmz\" style=\"background-color: rgb(255, 255, 255);\"><div  class=\"\"> <div  class=\"row text-center\"><div  class=\"section-title-col\" data-type=\"column\"><img  decoding=\"async\" class=\"custom-image\" src=\"http:\/\/arotgroup.com\/wp-content\/uploads\/2024\/02\/MARKALARIMIZZ.png\" title=\"MARKALARIMIZZ\" alt=\"\">  <p  class=\"lead\">G\u00dcN\u00dcM\u00dcZDEN \u0130LERDE, GELECEKTE DE VAR OLACAK..<\/p><\/div> <\/div> <div  class=\"row spaced-cols content-center-sm center-sm\" data-type=\"row\"> <div  class=\"col-xs-12 col-sm-6 col-md-4 space-bottom\"> <a data-cp-link=\"1\" href=\"https:\/\/www.eventcorp.org\" target=\"_blank\" rel=\"noopener\" class=\"\"><img  decoding=\"async\" class=\"face\" src=\"http:\/\/arotgroup.com\/wp-content\/uploads\/2024\/02\/eventcorpLogoss1.png\" title=\"eventcorplogos\" alt=\"\"><\/a> <div  data-type=\"column\" class=\"col-padding-small col-padding-small-xs description-container\"> <h4  class=\"font-500\">Yarat\u0131c\u0131 Etkinlik Ajans\u0131 \u2013 MICE<\/h4> <p  class=\"\">Dekor sahne tasar\u0131m \u00fcretim podyumkonsept dekorlar temal\u0131 etkinlik dekorlar\u0131 toplant\u0131 organizasyon hizmetleri.E\u011fitim Lansman Gala \u0130nsan kaynaklar\u0131 host hostest temini.<\/p> <\/div> <\/div> <div  class=\"col-xs-12 col-sm-6 col-md-4 space-bottom\"> <a data-cp-link=\"1\" href=\"https:\/\/www.dreamshots.com.tr\" target=\"_blank\" rel=\"noopener\" class=\"\"><img  decoding=\"async\" class=\"face\" src=\"http:\/\/arotgroup.com\/wp-content\/uploads\/2024\/02\/dreamslogosss.png\" title=\"dreamshotslogos\" alt=\"\"><\/a> <div  data-type=\"column\" class=\"col-padding-small col-padding-small-xs description-container\"> <h6  class=\"\"><span  style=\"font-size: 16.8px; letter-spacing: normal;\">Entertainment<\/span><\/h6>  <p  class=\"\">Alkoll\u00fc alkol i\u00e7ecek hizmetleri imza kokteyler, shot kokteyler, eylence hizmetleri. Dj, Orkestra, Sanat\u00e7\u0131, Bando, Dans Gruplar\u0131, \u00d6zel Performanslar.<\/p><\/div> <\/div> <div  class=\"col-xs-12 col-sm-6 col-md-4 space-bottom\"> <a data-cp-link=\"1\" href=\"https:\/\/www.devinses.com\" target=\"_blank\" rel=\"noopener\" class=\"\"><img  decoding=\"async\" class=\"face\" src=\"http:\/\/arotgroup.com\/wp-content\/uploads\/2024\/02\/devinSesLogo.png\" title=\"DEVI\u0307NLOGO\" alt=\"\"><\/a> <div  data-type=\"column\" class=\"col-padding-small col-padding-small-xs description-container\"> <h4  class=\"font-500\">Devin Ses<\/h4> <p  class=\"\">Ses I\u015f\u0131k Truss Led Ekran kiralama sat\u0131\u015f taahh\u00fct hizmetleri.<\/p> <\/div> <\/div><div  class=\"col-xs-12 col-sm-6 col-md-4 space-bottom\"> <a data-cp-link=\"1\" href=\"#\" target=\"_self\" rel=\"noopener\"><img  decoding=\"async\" class=\"face\" src=\"http:\/\/arotgroup.com\/wp-content\/uploads\/2024\/02\/mdkyapimlogo.png\" title=\"MDKYAPIM@3x\" alt=\"\"><\/a> <div  data-type=\"column\" class=\"col-padding-small col-padding-small-xs description-container\"> <h4  class=\"font-500\">MDK Yap\u0131m<\/h4> <p  class=\"\">M\u00fczik Prod\u00fcksiyon Ses Kay\u0131t, Fim M\u00fczikleri, Belgesel M\u00fczikleri, Jingle, Dublaj, Mix, Mastering, Live Konser Kay\u0131t<\/p> <\/div> <\/div><div  class=\"col-xs-12 col-sm-6 col-md-4 space-bottom\"> <a data-cp-link=\"1\" href=\"#\" target=\"_self\" rel=\"noopener\"><img  decoding=\"async\" class=\"face\" src=\"http:\/\/arotgroup.com\/wp-content\/uploads\/2024\/02\/synergyLogo.png\" title=\"synergy\" alt=\"\"><\/a> <div  data-type=\"column\" class=\"col-padding-small col-padding-small-xs description-container\"> <h4  class=\"font-500\">Synergy Prox<\/h4> <p  class=\"\">otel, apart, rezidans, restoran, kafe, mekan i\u015fletme projelerinin fizibilite, yat\u0131r\u0131m de\u011ferlendirmesi, marka y\u00f6netimi, sat\u0131\u015f ve pazarlama sistemi, stratejik planlama, konsept geli\u015ftirme ve i\u015fletilmesi konular\u0131nda yurti\u00e7i ve yurtd\u0131\u015f\u0131nda dan\u0131\u015fmanl\u0131k hizmeti.<\/p> <\/div> <\/div><div  class=\"col-xs-12 col-sm-6 col-md-4 space-bottom\"> <a data-cp-link=\"1\" href=\"#\" target=\"_self\" rel=\"noopener\"><img  decoding=\"async\" class=\"face\" src=\"http:\/\/arotgroup.com\/wp-content\/uploads\/2024\/02\/EvoGamesLOgo.png\" title=\"evogames\" alt=\"\"><\/a> <div  data-type=\"column\" class=\"col-padding-small col-padding-small-xs description-container\"> <h4  class=\"font-500\">Evo Games<\/h4> <p  class=\"\">Sanal ger\u00e7eklik aktiviteleri, tak\u0131m oyunlar\u0131, Photo booth<\/p> <\/div> <\/div><div  class=\"col-xs-12 col-sm-6 col-md-4 space-bottom\"> <a data-cp-link=\"1\" href=\"#\" target=\"_self\" rel=\"noopener\"><img  decoding=\"async\" class=\"face\" src=\"http:\/\/arotgroup.com\/wp-content\/uploads\/2024\/02\/egebeyli.jpeg\" title=\"egebeyli\" alt=\"\"><\/a> <div  data-type=\"column\" class=\"col-padding-small col-padding-small-xs description-container\"> <h4  class=\"font-500\">Ege Beyli \u00c7iftlik<\/h4> <p  class=\"\">Zeytin, Zeytin ya\u011f\u0131 \u00fcretim sat\u0131\u015f pazarlama ve tedarik hizmetleri.<\/p> <\/div> <\/div><\/div> <\/div><\/div><div  data-label=\"Ekip\" data-id=\"team--2\" data-export-id=\"team-5-mc\" data-category=\"team\" class=\"team-5-mc content-section content-section-spacing\" id=\"ekip\" style=\"background-color: rgb(255, 255, 255);\"><div  class=\"gridContainer\"> <div  class=\"row text-center\"><div  class=\"section-title-col\" data-type=\"column\">  <img  decoding=\"async\" class=\"custom-image\" src=\"http:\/\/arotgroup.com\/wp-content\/uploads\/2024\/02\/ekip.png\" title=\"ekip\" alt=\"\"> <p  class=\"lead\">Deneyimli ve konular\u0131nda uzman y\u00f6netim kadromuz.<\/p><\/div> <\/div> <div  class=\"row spaced-cols content-center-sm\" data-type=\"row\"> <div  class=\"col-xs-12 col-sm-6 col-md-3 col-padding\"> <div  class=\"row \"> <div  data-type=\"column\" class=\"col-xs-12 col-sm-12\"> <img  decoding=\"async\" class=\"round face\" src=\"http:\/\/arotgroup.com\/wp-content\/uploads\/2024\/02\/cropped-OYTUN-TAN-1.jpg\" title=\"cropped-OYTUN-TAN-1.jpg\" alt=\"\"> <h4  class=\"font-500\">Oytun TAN<\/h4> <p  class=\"italic\">CEO | FOUNDER<\/p>  <div  class=\"social-icons-group\" data-type=\"group\"> <a href=\"#\" target=\"_self\" data-reiki-hidden=\"true\" rel=\"noopener\"><i  class=\"gray fa icon fa-facebook-square\"><\/i><\/a> <a href=\"#\" target=\"_self\" data-reiki-hidden=\"true\" rel=\"noopener\"><i  class=\"gray fa icon fa-twitter-square\"><\/i><\/a> <a href=\"#\" target=\"_self\" data-reiki-hidden=\"true\" rel=\"noopener\"><i  class=\"gray fa icon fa-linkedin-square\"><\/i><\/a> <a href=\"#\" target=\"_self\" data-reiki-hidden=\"true\" rel=\"noopener\"><i  class=\"gray fa icon fa-google-plus-square\"><\/i><\/a><\/div> <\/div><\/div> <\/div> <div  class=\"col-xs-12 col-sm-6 col-md-3 col-padding\"> <div  class=\"row \"> <div  data-type=\"column\" class=\"col-xs-12 col-sm-12\"> <img  decoding=\"async\" class=\"round face\" src=\"http:\/\/arotgroup.com\/wp-content\/uploads\/2024\/02\/cropped-MEHMETDURSUN-1.png\" title=\"cropped-MEHMETDURSUN-1.png\" alt=\"\"> <h4  class=\"font-500\">Mehmet DURSUN<\/h4> <p  class=\"italic\">MANEGING PARTNER<\/p> <p  class=\"\">Sound Management<\/p> <div  class=\"social-icons-group\" data-type=\"group\"> <a href=\"#\" target=\"_self\" data-reiki-hidden=\"true\" rel=\"noopener\"><i  class=\"gray fa icon fa-facebook-square\"><\/i><\/a> <a href=\"#\" target=\"_self\" data-reiki-hidden=\"true\" rel=\"noopener\"><i  class=\"gray fa icon fa-twitter-square\"><\/i><\/a> <a href=\"#\" target=\"_self\" data-reiki-hidden=\"true\" rel=\"noopener\"><i  class=\"gray fa icon fa-linkedin-square\"><\/i><\/a> <a href=\"#\" target=\"_self\" data-reiki-hidden=\"true\" rel=\"noopener\"><i  class=\"gray fa icon fa-google-plus-square\"><\/i><\/a><\/div> <\/div><\/div> <\/div> <div  class=\"col-xs-12 col-sm-6 col-md-3 col-padding\"> <div  class=\"row \"> <div  data-type=\"column\" class=\"col-xs-12 col-sm-12\"> <img  decoding=\"async\" class=\"round face\" src=\"http:\/\/arotgroup.com\/wp-content\/uploads\/2024\/02\/cropped-Derya-KADAYIFCI1.jpg\" title=\"cropped-Derya-KADAYIFCI1.jpg\" alt=\"\"> <h4  class=\"font-500\">Derya KADAYIFCI<\/h4> <p  class=\"italic\">GENEL M\u00dcD\u00dcR<\/p> <p  class=\"\">Composer &amp; Sound Engineer<\/p> <div  class=\"social-icons-group\" data-type=\"group\"> <a href=\"#\" target=\"_self\" data-reiki-hidden=\"true\" rel=\"noopener\"><i  class=\"gray fa icon fa-facebook-square\"><\/i><\/a> <a href=\"#\" target=\"_self\" data-reiki-hidden=\"true\" rel=\"noopener\"><i  class=\"gray fa icon fa-twitter-square\"><\/i><\/a> <a href=\"#\" target=\"_self\" data-reiki-hidden=\"true\" rel=\"noopener\"><i  class=\"gray fa icon fa-linkedin-square\"><\/i><\/a> <a href=\"#\" target=\"_self\" data-reiki-hidden=\"true\" rel=\"noopener\"><i  class=\"gray fa icon fa-google-plus-square\"><\/i><\/a><\/div> <\/div><\/div> <\/div> <div  class=\"col-xs-12 col-sm-6 col-md-3 col-padding\"> <div  class=\"row \"> <div  data-type=\"column\" class=\"col-xs-12 col-sm-12\"> <img  decoding=\"async\" class=\"round face\" src=\"http:\/\/arotgroup.com\/wp-content\/uploads\/2024\/02\/cropped-cropped-WhatsApp-Image-2024-02-14-at-12.01.30.jpeg\" title=\"cropped-cropped-WhatsApp-Image-2024-02-14-at-12.01.30.jpeg\" alt=\"\"> <h4  class=\"font-500\">Sedat DURMU\u015e<\/h4> <p  class=\"italic\">SATI\u015e &amp; OPERASYON M\u00dcD\u00dcR\u00dc<\/p>  <div  class=\"social-icons-group\" data-type=\"group\"> <a href=\"#\" target=\"_self\" data-reiki-hidden=\"true\" rel=\"noopener\"><i  class=\"gray fa icon fa-facebook-square\"><\/i><\/a> <a href=\"#\" target=\"_self\" data-reiki-hidden=\"true\" rel=\"noopener\"><i  class=\"gray fa icon fa-twitter-square\"><\/i><\/a> <a href=\"#\" target=\"_self\" data-reiki-hidden=\"true\" rel=\"noopener\"><i  class=\"gray fa icon fa-linkedin-square\"><\/i><\/a> <a href=\"#\" target=\"_self\" data-reiki-hidden=\"true\" rel=\"noopener\"><i  class=\"gray fa icon fa-google-plus-square\"><\/i><\/a><\/div> <\/div><\/div> <\/div><div  class=\"col-xs-12 col-sm-6 col-md-3 col-padding\"> <div  class=\"row \"> <div  data-type=\"column\" class=\"col-xs-12 col-sm-12\"> <img  decoding=\"async\" class=\"round face\" src=\"http:\/\/arotgroup.com\/wp-content\/uploads\/2024\/02\/cropped-cropped-cropped-MERVE-OZDEMIR1.jpg\" title=\"cropped-cropped-cropped-MERVE-OZDEMIR1.jpg\" alt=\"\"> <h4  class=\"font-500\">Merve \u00d6ZDEM\u0130R<\/h4> <p  class=\"italic\">ETK\u0130NL\u0130K SORUMLUSU<\/p> <p  class=\"\">.<\/p> <div  class=\"social-icons-group\" data-type=\"group\"> <a href=\"#\" target=\"_self\" data-reiki-hidden=\"true\" rel=\"noopener\"><i  class=\"gray fa icon fa-facebook-square\"><\/i><\/a> <a href=\"#\" target=\"_self\" data-reiki-hidden=\"true\" rel=\"noopener\"><i  class=\"gray fa icon fa-twitter-square\"><\/i><\/a> <a href=\"#\" target=\"_self\" data-reiki-hidden=\"true\" rel=\"noopener\"><i  class=\"gray fa icon fa-linkedin-square\"><\/i><\/a> <a href=\"#\" target=\"_self\" data-reiki-hidden=\"true\" rel=\"noopener\"><i  class=\"gray fa icon fa-google-plus-square\"><\/i><\/a><\/div> <\/div><\/div> <\/div><div  class=\"col-xs-12 col-sm-6 col-md-3 col-padding\"> <div  class=\"row \"> <div  data-type=\"column\" class=\"col-xs-12 col-sm-12\"> <img  decoding=\"async\" class=\"round face\" src=\"http:\/\/arotgroup.com\/wp-content\/uploads\/2024\/02\/cropped-cropped-ULKER-OZTURK.jpg\" title=\"cropped-cropped-ULKER-OZTURK.jpg\" alt=\"\"> <h4  class=\"font-500\">\u00dclker \u00d6ZT\u00dcRK<\/h4> <p  class=\"italic\">SATI\u015e PAZARLAMA D\u0130REKT\u00d6R\u00dc<\/p> <p  class=\"\">.<\/p> <div  class=\"social-icons-group\" data-type=\"group\"> <a href=\"#\" target=\"_self\" data-reiki-hidden=\"true\" rel=\"noopener\"><i  class=\"gray fa icon fa-facebook-square\"><\/i><\/a> <a href=\"#\" target=\"_self\" data-reiki-hidden=\"true\" rel=\"noopener\"><i  class=\"gray fa icon fa-twitter-square\"><\/i><\/a> <a href=\"#\" target=\"_self\" data-reiki-hidden=\"true\" rel=\"noopener\"><i  class=\"gray fa icon fa-linkedin-square\"><\/i><\/a> <a href=\"#\" target=\"_self\" data-reiki-hidden=\"true\" rel=\"noopener\"><i  class=\"gray fa icon fa-google-plus-square\"><\/i><\/a><\/div> <\/div><\/div> <\/div><\/div> <\/div><\/div><div  data-label=\"Iletisim\" data-id=\"overlappable--1\" data-export-id=\"overlappable-4-mc\" data-category=\"overlappable\" class=\"overlappable-4-mc content-section content-section-spacing\" data-overlap=\"true\" id=\"iletisim\" style=\"background-color: rgb(255, 255, 255);\"><div  class=\"gridContainer\"> <div  data-type=\"row\" class=\"row spaced-cols text-center\"><div  class=\"col-xs-12 col-sm-4 col-padding col-md-4 \"> <i  class=\"fa icon shadow-large-black aligncenter color1 fa-map-marker reverse round large\"><\/i> <div  data-type=\"column\" class=\"\"> <h5  class=\"font-400\">ADRES\u0130M\u0130Z<\/h5> <p  class=\"\">E\u011fitim Mah. Poyraz Sok.\n<br >S\u00f6\u011f\u00fctl\u00fc\u00e7e\u015fme i\u015f merkezi \n<br >No: 1 Kat: 5 Daire :51\n<br >Kad\u0131k\u00f6y \/ \u0130stanbul \u2013 T\u00dcRK\u0130YE&nbsp;<\/p><\/div> <\/div> <div  class=\"col-xs-12 col-sm-4 col-padding col-md-4 \"> <i  class=\"fa icon shadow-large-black aligncenter color2 fa-phone reverse round large\"><\/i> <div  data-type=\"column\" class=\"\"><h5  class=\"font-400\">TELEFONLARIMIZ<\/h5> <p  class=\"\">TEL : +90 534 599 8628\n<br >TEL : +90 546 215 3009<\/p><\/div> <\/div> <div  class=\"col-xs-12 col-sm-4 col-padding col-md-4 \"> <i  class=\"fa icon shadow-large-black aligncenter color4 fa-at reverse round large\"><\/i> <div  data-type=\"column\" class=\"\"><h5  class=\"font-400\">MA\u0130L ADRESLER\u0130M\u0130Z<\/h5> <a class=\"link\" href=\"mailto:info@arotgroup.com\" target=\"_self\" data-cp-link=\"1\" rel=\"noopener\">info@arotgroup.com<\/a><a class=\"link\" href=\"mailto:musterihizmetleri@arotgroup.com\" target=\"_self\" data-cp-link=\"1\" rel=\"noopener\">musterihizmetleri@arotgroup.com<\/a><\/div> <\/div><\/div> <\/div><\/div>","protected":false},"excerpt":{"rendered":"<p>G\u00dcN\u00dcM\u00dcZDEN \u0130LERDE, GELECEKTE DE VAR OLACAK.. Yarat\u0131c\u0131 Etkinlik Ajans\u0131 \u2013 MICE Dekor sahne tasar\u0131m \u00fcretim podyumkonsept dekorlar temal\u0131 etkinlik dekorlar\u0131 toplant\u0131 organizasyon hizmetleri.E\u011fitim Lansman Gala \u0130nsan kaynaklar\u0131 host hostest temini. Entertainment Alkoll\u00fc alkol i\u00e7ecek hizmetleri imza kokteyler, shot kokteyler, eylence hizmetleri. Dj, Orkestra, Sanat\u00e7\u0131, Bando, Dans Gruplar\u0131, \u00d6zel Performanslar. Devin Ses Ses I\u015f\u0131k Truss Led&hellip; <br \/> <a class=\"read-more\" href=\"http:\/\/arotgroup.com\/\">Devam\u0131<\/a><\/p>\n","protected":false},"author":1,"featured_media":0,"parent":0,"menu_order":0,"comment_status":"closed","ping_status":"closed","template":"page-templates\/homepage.php","meta":{"footnotes":""},"class_list":["post-28","page","type-page","status-publish","hentry"],"_links":{"self":[{"href":"http:\/\/arotgroup.com\/index.php\/wp-json\/wp\/v2\/pages\/28","targetHints":{"allow":["GET"]}}],"collection":[{"href":"http:\/\/arotgroup.com\/index.php\/wp-json\/wp\/v2\/pages"}],"about":[{"href":"http:\/\/arotgroup.com\/index.php\/wp-json\/wp\/v2\/types\/page"}],"author":[{"embeddable":true,"href":"http:\/\/arotgroup.com\/index.php\/wp-json\/wp\/v2\/users\/1"}],"replies":[{"embeddable":true,"href":"http:\/\/arotgroup.com\/index.php\/wp-json\/wp\/v2\/comments?post=28"}],"version-history":[{"count":68,"href":"http:\/\/arotgroup.com\/index.php\/wp-json\/wp\/v2\/pages\/28\/revisions"}],"predecessor-version":[{"id":272,"href":"http:\/\/arotgroup.com\/index.php\/wp-json\/wp\/v2\/pages\/28\/revisions\/272"}],"wp:attachment":[{"href":"http:\/\/arotgroup.com\/index.php\/wp-json\/wp\/v2\/media?parent=28"}],"curies":[{"name":"wp","href":"https:\/\/api.w.org\/{rel}","templated":true}]}}